{"id":1466,"date":"2024-03-15T21:19:47","date_gmt":"2024-03-15T21:19:47","guid":{"rendered":"http:\/\/fernandodelcubo.com\/?page_id=1466"},"modified":"2025-12-21T18:53:19","modified_gmt":"2025-12-21T18:53:19","slug":"film","status":"publish","type":"page","link":"https:\/\/fernandodelcubo.com\/en\/film\/","title":{"rendered":"FILM"},"content":{"rendered":"<div data-elementor-type=\"wp-page\" data-elementor-id=\"1466\" class=\"elementor elementor-1466\">\n\t\t\t\t\t\t<section class=\"elementor-section elementor-top-section elementor-element elementor-element-c0fbf55 elementor-section-boxed elementor-section-height-default elementor-section-height-default\" data-id=\"c0fbf55\" data-element_type=\"section\" data-e-type=\"section\">\n\t\t\t\t\t\t<div class=\"elementor-container elementor-column-gap-default\">\n\t\t\t\t\t<div class=\"elementor-column elementor-col-33 elementor-top-column elementor-element elementor-element-4af5cbf\" data-id=\"4af5cbf\" data-element_type=\"column\" data-e-type=\"column\">\n\t\t\t<div class=\"elementor-widget-wrap elementor-element-populated\">\n\t\t\t\t\t\t<div class=\"elementor-element elementor-element-eb097f6 elementor-widget elementor-widget-video\" data-id=\"eb097f6\" data-element_type=\"widget\" data-e-type=\"widget\" data-settings=\"{&quot;video_type&quot;:&quot;vimeo&quot;}\" data-widget_type=\"video.default\">\n\t\t\t\t<div class=\"elementor-widget-container\">\n\t\t\t\t\t\t\t<div class=\"elementor-wrapper elementor-open-inline\">\n\t\t\t<iframe class=\"elementor-video-iframe\" allowfullscreen allow=\"clipboard-write\" title=\"vimeo Video Player\" src=\"https:\/\/player.vimeo.com\/video\/13538355?color&amp;autopause=0&amp;loop=0&amp;muted=0&amp;title=1&amp;portrait=1&amp;byline=1&amp;h=9712d68910#t=\"><\/iframe>\t\t<\/div>\n\t\t\t\t\t\t<\/div>\n\t\t\t\t<\/div>\n\t\t\t\t\t<\/div>\n\t\t<\/div>\n\t\t\t\t<div class=\"elementor-column elementor-col-33 elementor-top-column elementor-element elementor-element-3f84b04\" data-id=\"3f84b04\" data-element_type=\"column\" data-e-type=\"column\">\n\t\t\t<div class=\"elementor-widget-wrap elementor-element-populated\">\n\t\t\t\t\t\t<div class=\"elementor-element elementor-element-54923ec elementor-widget elementor-widget-video\" data-id=\"54923ec\" data-element_type=\"widget\" data-e-type=\"widget\" data-settings=\"{&quot;video_type&quot;:&quot;vimeo&quot;}\" data-widget_type=\"video.default\">\n\t\t\t\t<div class=\"elementor-widget-container\">\n\t\t\t\t\t\t\t<div class=\"elementor-wrapper elementor-open-inline\">\n\t\t\t<iframe class=\"elementor-video-iframe\" allowfullscreen allow=\"clipboard-write\" title=\"vimeo Video Player\" src=\"https:\/\/player.vimeo.com\/video\/13519482?color&amp;autopause=0&amp;loop=0&amp;muted=0&amp;title=1&amp;portrait=1&amp;byline=1&amp;h=4e27c514cc#t=\"><\/iframe>\t\t<\/div>\n\t\t\t\t\t\t<\/div>\n\t\t\t\t<\/div>\n\t\t\t\t\t<\/div>\n\t\t<\/div>\n\t\t\t\t<div class=\"elementor-column elementor-col-33 elementor-top-column elementor-element elementor-element-7f7c6bd\" data-id=\"7f7c6bd\" data-element_type=\"column\" data-e-type=\"column\">\n\t\t\t<div class=\"elementor-widget-wrap elementor-element-populated\">\n\t\t\t\t\t\t<div class=\"elementor-element elementor-element-4312eda elementor-widget elementor-widget-video\" data-id=\"4312eda\" data-element_type=\"widget\" data-e-type=\"widget\" data-settings=\"{&quot;video_type&quot;:&quot;vimeo&quot;}\" data-widget_type=\"video.default\">\n\t\t\t\t<div class=\"elementor-widget-container\">\n\t\t\t\t\t\t\t<div class=\"elementor-wrapper elementor-open-inline\">\n\t\t\t<iframe class=\"elementor-video-iframe\" allowfullscreen allow=\"clipboard-write\" title=\"vimeo Video Player\" src=\"https:\/\/player.vimeo.com\/video\/13541397?color&amp;autopause=0&amp;loop=0&amp;muted=0&amp;title=1&amp;portrait=1&amp;byline=1&amp;h=eef70f5413#t=\"><\/iframe>\t\t<\/div>\n\t\t\t\t\t\t<\/div>\n\t\t\t\t<\/div>\n\t\t\t\t\t<\/div>\n\t\t<\/div>\n\t\t\t\t\t<\/div>\n\t\t<\/section>\n\t\t\t\t<section class=\"elementor-section elementor-top-section elementor-element elementor-element-6926bbd elementor-section-boxed elementor-section-height-default elementor-section-height-default\" data-id=\"6926bbd\" data-element_type=\"section\" data-e-type=\"section\">\n\t\t\t\t\t\t<div class=\"elementor-container elementor-column-gap-default\">\n\t\t\t\t\t<div class=\"elementor-column elementor-col-33 elementor-top-column elementor-element elementor-element-0278278\" data-id=\"0278278\" data-element_type=\"column\" data-e-type=\"column\">\n\t\t\t<div class=\"elementor-widget-wrap elementor-element-populated\">\n\t\t\t\t\t\t<div class=\"elementor-element elementor-element-c5b2ca0 elementor-widget elementor-widget-video\" data-id=\"c5b2ca0\" data-element_type=\"widget\" data-e-type=\"widget\" data-settings=\"{&quot;video_type&quot;:&quot;vimeo&quot;}\" data-widget_type=\"video.default\">\n\t\t\t\t<div class=\"elementor-widget-container\">\n\t\t\t\t\t\t\t<div class=\"elementor-wrapper elementor-open-inline\">\n\t\t\t<iframe class=\"elementor-video-iframe\" allowfullscreen allow=\"clipboard-write\" title=\"vimeo Video Player\" src=\"https:\/\/player.vimeo.com\/video\/22257691?color&amp;autopause=0&amp;loop=0&amp;muted=0&amp;title=1&amp;portrait=1&amp;byline=1&amp;h=4259b8288d#t=\"><\/iframe>\t\t<\/div>\n\t\t\t\t\t\t<\/div>\n\t\t\t\t<\/div>\n\t\t\t\t\t<\/div>\n\t\t<\/div>\n\t\t\t\t<div class=\"elementor-column elementor-col-33 elementor-top-column elementor-element elementor-element-8bf95e1\" data-id=\"8bf95e1\" data-element_type=\"column\" data-e-type=\"column\">\n\t\t\t<div class=\"elementor-widget-wrap elementor-element-populated\">\n\t\t\t\t\t\t<div class=\"elementor-element elementor-element-c8e5106 elementor-widget elementor-widget-video\" data-id=\"c8e5106\" data-element_type=\"widget\" data-e-type=\"widget\" data-settings=\"{&quot;video_type&quot;:&quot;vimeo&quot;}\" data-widget_type=\"video.default\">\n\t\t\t\t<div class=\"elementor-widget-container\">\n\t\t\t\t\t\t\t<div class=\"elementor-wrapper elementor-open-inline\">\n\t\t\t<iframe class=\"elementor-video-iframe\" allowfullscreen allow=\"clipboard-write\" title=\"vimeo Video Player\" src=\"https:\/\/player.vimeo.com\/video\/46318952?color&amp;autopause=0&amp;loop=0&amp;muted=0&amp;title=1&amp;portrait=1&amp;byline=1&amp;h=db751e8538#t=\"><\/iframe>\t\t<\/div>\n\t\t\t\t\t\t<\/div>\n\t\t\t\t<\/div>\n\t\t\t\t\t<\/div>\n\t\t<\/div>\n\t\t\t\t<div class=\"elementor-column elementor-col-33 elementor-top-column elementor-element elementor-element-4ff558f\" data-id=\"4ff558f\" data-element_type=\"column\" data-e-type=\"column\">\n\t\t\t<div class=\"elementor-widget-wrap elementor-element-populated\">\n\t\t\t\t\t\t<div class=\"elementor-element elementor-element-f2250df elementor-widget elementor-widget-video\" data-id=\"f2250df\" data-element_type=\"widget\" data-e-type=\"widget\" data-settings=\"{&quot;video_type&quot;:&quot;vimeo&quot;}\" data-widget_type=\"video.default\">\n\t\t\t\t<div class=\"elementor-widget-container\">\n\t\t\t\t\t\t\t<div class=\"elementor-wrapper elementor-open-inline\">\n\t\t\t<iframe class=\"elementor-video-iframe\" allowfullscreen allow=\"clipboard-write\" title=\"vimeo Video Player\" src=\"https:\/\/player.vimeo.com\/video\/68839567?color&amp;autopause=0&amp;loop=0&amp;muted=0&amp;title=1&amp;portrait=1&amp;byline=1&amp;h=c0510bb3c7#t=\"><\/iframe>\t\t<\/div>\n\t\t\t\t\t\t<\/div>\n\t\t\t\t<\/div>\n\t\t\t\t\t<\/div>\n\t\t<\/div>\n\t\t\t\t\t<\/div>\n\t\t<\/section>\n\t\t\t\t<section class=\"elementor-section elementor-top-section elementor-element elementor-element-32bee19 elementor-section-boxed elementor-section-height-default elementor-section-height-default\" data-id=\"32bee19\" data-element_type=\"section\" data-e-type=\"section\">\n\t\t\t\t\t\t<div class=\"elementor-container elementor-column-gap-default\">\n\t\t\t\t\t<div class=\"elementor-column elementor-col-33 elementor-top-column elementor-element elementor-element-c269ba5\" data-id=\"c269ba5\" data-element_type=\"column\" data-e-type=\"column\">\n\t\t\t<div class=\"elementor-widget-wrap elementor-element-populated\">\n\t\t\t\t\t\t<div class=\"elementor-element elementor-element-46597d2 elementor-widget elementor-widget-video\" data-id=\"46597d2\" data-element_type=\"widget\" data-e-type=\"widget\" data-settings=\"{&quot;video_type&quot;:&quot;vimeo&quot;}\" data-widget_type=\"video.default\">\n\t\t\t\t<div class=\"elementor-widget-container\">\n\t\t\t\t\t\t\t<div class=\"elementor-wrapper elementor-open-inline\">\n\t\t\t<iframe class=\"elementor-video-iframe\" allowfullscreen allow=\"clipboard-write\" title=\"vimeo Video Player\" src=\"https:\/\/player.vimeo.com\/video\/121618930?color&amp;autopause=0&amp;loop=0&amp;muted=0&amp;title=1&amp;portrait=1&amp;byline=1&amp;h=555f67ef18#t=\"><\/iframe>\t\t<\/div>\n\t\t\t\t\t\t<\/div>\n\t\t\t\t<\/div>\n\t\t\t\t\t<\/div>\n\t\t<\/div>\n\t\t\t\t<div class=\"elementor-column elementor-col-33 elementor-top-column elementor-element elementor-element-508a142\" data-id=\"508a142\" data-element_type=\"column\" data-e-type=\"column\">\n\t\t\t<div class=\"elementor-widget-wrap elementor-element-populated\">\n\t\t\t\t\t\t<div class=\"elementor-element elementor-element-a1a6e32 elementor-widget elementor-widget-video\" data-id=\"a1a6e32\" data-element_type=\"widget\" data-e-type=\"widget\" data-settings=\"{&quot;video_type&quot;:&quot;vimeo&quot;}\" data-widget_type=\"video.default\">\n\t\t\t\t<div class=\"elementor-widget-container\">\n\t\t\t\t\t\t\t<div class=\"elementor-wrapper elementor-open-inline\">\n\t\t\t<iframe class=\"elementor-video-iframe\" allowfullscreen allow=\"clipboard-write\" title=\"vimeo Video Player\" src=\"https:\/\/player.vimeo.com\/video\/133167419?color&amp;autopause=0&amp;loop=0&amp;muted=0&amp;title=1&amp;portrait=1&amp;byline=1&amp;h=bb3ca686a9#t=\"><\/iframe>\t\t<\/div>\n\t\t\t\t\t\t<\/div>\n\t\t\t\t<\/div>\n\t\t\t\t\t<\/div>\n\t\t<\/div>\n\t\t\t\t<div class=\"elementor-column elementor-col-33 elementor-top-column elementor-element elementor-element-3f9ae31\" data-id=\"3f9ae31\" data-element_type=\"column\" data-e-type=\"column\">\n\t\t\t<div class=\"elementor-widget-wrap elementor-element-populated\">\n\t\t\t\t\t\t<div class=\"elementor-element elementor-element-0a0accb elementor-widget elementor-widget-video\" data-id=\"0a0accb\" data-element_type=\"widget\" data-e-type=\"widget\" data-settings=\"{&quot;video_type&quot;:&quot;vimeo&quot;}\" data-widget_type=\"video.default\">\n\t\t\t\t<div class=\"elementor-widget-container\">\n\t\t\t\t\t\t\t<div class=\"elementor-wrapper elementor-open-inline\">\n\t\t\t<iframe class=\"elementor-video-iframe\" allowfullscreen allow=\"clipboard-write\" title=\"vimeo Video Player\" src=\"https:\/\/player.vimeo.com\/video\/233042869?color&amp;autopause=0&amp;loop=0&amp;muted=0&amp;title=1&amp;portrait=1&amp;byline=1&amp;h=f09f74cf03#t=\"><\/iframe>\t\t<\/div>\n\t\t\t\t\t\t<\/div>\n\t\t\t\t<\/div>\n\t\t\t\t\t<\/div>\n\t\t<\/div>\n\t\t\t\t\t<\/div>\n\t\t<\/section>\n\t\t\t\t<section class=\"elementor-section elementor-top-section elementor-element elementor-element-20e5274 elementor-section-boxed elementor-section-height-default elementor-section-height-default\" data-id=\"20e5274\" data-element_type=\"section\" data-e-type=\"section\">\n\t\t\t\t\t\t<div class=\"elementor-container elementor-column-gap-default\">\n\t\t\t\t\t<div class=\"elementor-column elementor-col-33 elementor-top-column elementor-element elementor-element-3f049c5\" data-id=\"3f049c5\" data-element_type=\"column\" data-e-type=\"column\">\n\t\t\t<div class=\"elementor-widget-wrap elementor-element-populated\">\n\t\t\t\t\t\t<div class=\"elementor-element elementor-element-f7224b9 elementor-widget elementor-widget-video\" data-id=\"f7224b9\" data-element_type=\"widget\" data-e-type=\"widget\" data-settings=\"{&quot;video_type&quot;:&quot;vimeo&quot;}\" data-widget_type=\"video.default\">\n\t\t\t\t<div class=\"elementor-widget-container\">\n\t\t\t\t\t\t\t<div class=\"elementor-wrapper elementor-open-inline\">\n\t\t\t<iframe class=\"elementor-video-iframe\" allowfullscreen allow=\"clipboard-write\" title=\"vimeo Video Player\" src=\"https:\/\/player.vimeo.com\/video\/13856955?color&amp;autopause=0&amp;loop=0&amp;muted=0&amp;title=1&amp;portrait=1&amp;byline=1&amp;h=4445e9cab3#t=\"><\/iframe>\t\t<\/div>\n\t\t\t\t\t\t<\/div>\n\t\t\t\t<\/div>\n\t\t\t\t\t<\/div>\n\t\t<\/div>\n\t\t\t\t<div class=\"elementor-column elementor-col-33 elementor-top-column elementor-element elementor-element-6c880c3\" data-id=\"6c880c3\" data-element_type=\"column\" data-e-type=\"column\">\n\t\t\t<div class=\"elementor-widget-wrap elementor-element-populated\">\n\t\t\t\t\t\t<div class=\"elementor-element elementor-element-5f3d2bc elementor-widget elementor-widget-video\" data-id=\"5f3d2bc\" data-element_type=\"widget\" data-e-type=\"widget\" data-settings=\"{&quot;video_type&quot;:&quot;vimeo&quot;}\" data-widget_type=\"video.default\">\n\t\t\t\t<div class=\"elementor-widget-container\">\n\t\t\t\t\t\t\t<div class=\"elementor-wrapper elementor-open-inline\">\n\t\t\t<iframe class=\"elementor-video-iframe\" allowfullscreen allow=\"clipboard-write\" title=\"vimeo Video Player\" src=\"https:\/\/player.vimeo.com\/video\/18532256?color&amp;autopause=0&amp;loop=0&amp;muted=0&amp;title=1&amp;portrait=1&amp;byline=1&amp;h=3c2dada1ee#t=\"><\/iframe>\t\t<\/div>\n\t\t\t\t\t\t<\/div>\n\t\t\t\t<\/div>\n\t\t\t\t\t<\/div>\n\t\t<\/div>\n\t\t\t\t<div class=\"elementor-column elementor-col-33 elementor-top-column elementor-element elementor-element-954714b\" data-id=\"954714b\" data-element_type=\"column\" data-e-type=\"column\">\n\t\t\t<div class=\"elementor-widget-wrap elementor-element-populated\">\n\t\t\t\t\t\t<div class=\"elementor-element elementor-element-203a3e9 elementor-widget elementor-widget-video\" data-id=\"203a3e9\" data-element_type=\"widget\" data-e-type=\"widget\" data-settings=\"{&quot;video_type&quot;:&quot;vimeo&quot;}\" data-widget_type=\"video.default\">\n\t\t\t\t<div class=\"elementor-widget-container\">\n\t\t\t\t\t\t\t<div class=\"elementor-wrapper elementor-open-inline\">\n\t\t\t<iframe class=\"elementor-video-iframe\" allowfullscreen allow=\"clipboard-write\" title=\"vimeo Video Player\" src=\"https:\/\/player.vimeo.com\/video\/201517707?color&amp;autopause=0&amp;loop=0&amp;muted=0&amp;title=1&amp;portrait=1&amp;byline=1&amp;h=37615bb2c3#t=\"><\/iframe>\t\t<\/div>\n\t\t\t\t\t\t<\/div>\n\t\t\t\t<\/div>\n\t\t\t\t\t<\/div>\n\t\t<\/div>\n\t\t\t\t\t<\/div>\n\t\t<\/section>\n\t\t\t\t<\/div>","protected":false},"excerpt":{"rendered":"","protected":false},"author":2,"featured_media":0,"parent":0,"menu_order":0,"comment_status":"closed","ping_status":"closed","template":"","meta":{"footnotes":""},"class_list":["post-1466","page","type-page","status-publish","hentry"],"yoast_head":"<!-- This site is optimized with the Yoast SEO plugin v27.4 - https:\/\/yoast.com\/product\/yoast-seo-wordpress\/ -->\n<title>FILM - FERNANDO DEL CUBO<\/title>\n<meta name=\"description\" content=\"El cine como arma para des-contextualizar la visi\u00f3n monol\u00edtica de la realidad impuesta por la perspectiva mono canal.\" \/>\n<meta name=\"robots\" content=\"index, follow, max-image-preview:large, max-video-preview:-1, nosnippet\" \/>\n<link rel=\"canonical\" href=\"https:\/\/fernandodelcubo.com\/en\/film\/\" \/>\n<meta property=\"og:locale\" content=\"en_GB\" \/>\n<meta property=\"og:type\" content=\"article\" \/>\n<meta property=\"og:title\" content=\"FILM - FERNANDO DEL CUBO\" \/>\n<meta property=\"og:description\" content=\"El cine como arma para des-contextualizar la visi\u00f3n monol\u00edtica de la realidad impuesta por la perspectiva mono canal.\" \/>\n<meta property=\"og:url\" content=\"https:\/\/fernandodelcubo.com\/en\/film\/\" \/>\n<meta property=\"og:site_name\" content=\"FERNANDO DEL CUBO\" \/>\n<meta property=\"article:publisher\" content=\"https:\/\/www.facebook.com\/fernandodelcuboart\/\" \/>\n<meta property=\"article:modified_time\" content=\"2025-12-21T18:53:19+00:00\" \/>\n<meta name=\"twitter:card\" content=\"summary_large_image\" \/>\n<script type=\"application\/ld+json\" class=\"yoast-schema-graph\">{\"@context\":\"https:\\\/\\\/schema.org\",\"@graph\":[{\"@type\":[\"WebPage\",\"FAQPage\"],\"@id\":\"https:\\\/\\\/fernandodelcubo.com\\\/film\\\/\",\"url\":\"https:\\\/\\\/fernandodelcubo.com\\\/film\\\/\",\"name\":\"FILM - FERNANDO DEL CUBO\",\"isPartOf\":{\"@id\":\"https:\\\/\\\/fernandodelcubo.com\\\/#website\"},\"datePublished\":\"2024-03-15T21:19:47+00:00\",\"dateModified\":\"2025-12-21T18:53:19+00:00\",\"description\":\"El cine como arma para des-contextualizar la visi\u00f3n monol\u00edtica de la realidad impuesta por la perspectiva mono canal.\",\"breadcrumb\":{\"@id\":\"https:\\\/\\\/fernandodelcubo.com\\\/film\\\/#breadcrumb\"},\"inLanguage\":\"en-GB\",\"potentialAction\":[{\"@type\":\"ReadAction\",\"target\":[\"https:\\\/\\\/fernandodelcubo.com\\\/film\\\/\"]}]},{\"@type\":\"BreadcrumbList\",\"@id\":\"https:\\\/\\\/fernandodelcubo.com\\\/film\\\/#breadcrumb\",\"itemListElement\":[{\"@type\":\"ListItem\",\"position\":1,\"name\":\"Portada\",\"item\":\"https:\\\/\\\/fernandodelcubo.com\\\/\"},{\"@type\":\"ListItem\",\"position\":2,\"name\":\"FILM\"}]},{\"@type\":\"WebSite\",\"@id\":\"https:\\\/\\\/fernandodelcubo.com\\\/#website\",\"url\":\"https:\\\/\\\/fernandodelcubo.com\\\/\",\"name\":\"Fernandodelcubo.com\",\"description\":\"ART\",\"publisher\":{\"@id\":\"https:\\\/\\\/fernandodelcubo.com\\\/#\\\/schema\\\/person\\\/2cf3799675fd30a842576d9dd4502ca8\"},\"potentialAction\":[{\"@type\":\"SearchAction\",\"target\":{\"@type\":\"EntryPoint\",\"urlTemplate\":\"https:\\\/\\\/fernandodelcubo.com\\\/?s={search_term_string}\"},\"query-input\":{\"@type\":\"PropertyValueSpecification\",\"valueRequired\":true,\"valueName\":\"search_term_string\"}}],\"inLanguage\":\"en-GB\"},{\"@type\":[\"Person\",\"Organization\"],\"@id\":\"https:\\\/\\\/fernandodelcubo.com\\\/#\\\/schema\\\/person\\\/2cf3799675fd30a842576d9dd4502ca8\",\"name\":\"Fernando del cubo\",\"image\":{\"@type\":\"ImageObject\",\"inLanguage\":\"en-GB\",\"@id\":\"https:\\\/\\\/fernandodelcubo.com\\\/wp-content\\\/uploads\\\/cropped-cropped-cropped-CUBO-Logo-2-1-1.pngweb-1-1.png\",\"url\":\"https:\\\/\\\/fernandodelcubo.com\\\/wp-content\\\/uploads\\\/cropped-cropped-cropped-CUBO-Logo-2-1-1.pngweb-1-1.png\",\"contentUrl\":\"https:\\\/\\\/fernandodelcubo.com\\\/wp-content\\\/uploads\\\/cropped-cropped-cropped-CUBO-Logo-2-1-1.pngweb-1-1.png\",\"width\":512,\"height\":512,\"caption\":\"Fernando del cubo\"},\"logo\":{\"@id\":\"https:\\\/\\\/fernandodelcubo.com\\\/wp-content\\\/uploads\\\/cropped-cropped-cropped-CUBO-Logo-2-1-1.pngweb-1-1.png\"},\"description\":\"Se form\u00f3 en la escena \u201cunderground\u201d madrile\u00f1a, como muralista e ilustrador, para posteriormente centrarse en su carrera como artista pl\u00e1stico y audiovisual. Trabaja sobre procesos escult\u00f3ricos, donde toda construcci\u00f3n es arqueolog\u00eda de la memoria. Partiendo de restos, para trazar un relato, que justifique una visi\u00f3n de lo contempor\u00e1neo, frente a un futuro impredecible.\",\"sameAs\":[\"http:\\\/\\\/fernandodelcubo.com\",\"https:\\\/\\\/www.facebook.com\\\/fernandodelcuboart\\\/\",\"https:\\\/\\\/www.instagram.com\\\/fernandodelcubo.art\\\/\",\"https:\\\/\\\/www.linkedin.com\\\/in\\\/fernando-del-cubo\\\/\",\"https:\\\/\\\/www.youtube.com\\\/@cuboart\",\"https:\\\/\\\/soundcloud.com\\\/fernando-del-cubo\"]},{\"@type\":\"HowTo\",\"@id\":\"https:\\\/\\\/fernandodelcubo.com\\\/film\\\/#howto-1\",\"name\":\"FILM\",\"mainEntityOfPage\":{\"@id\":\"https:\\\/\\\/fernandodelcubo.com\\\/film\\\/\"},\"description\":\"\",\"inLanguage\":\"en-GB\"}]}<\/script>\n<!-- \/ Yoast SEO plugin. -->","yoast_head_json":{"title":"FILM - FERNANDO DEL CUBO","description":"El cine como arma para des-contextualizar la visi\u00f3n monol\u00edtica de la realidad impuesta por la perspectiva mono canal.","robots":{"index":"index","follow":"follow","max-image-preview":"max-image-preview:large","max-video-preview":"max-video-preview:-1","snippet":"nosnippet"},"canonical":"https:\/\/fernandodelcubo.com\/en\/film\/","og_locale":"en_GB","og_type":"article","og_title":"FILM - FERNANDO DEL CUBO","og_description":"El cine como arma para des-contextualizar la visi\u00f3n monol\u00edtica de la realidad impuesta por la perspectiva mono canal.","og_url":"https:\/\/fernandodelcubo.com\/en\/film\/","og_site_name":"FERNANDO DEL CUBO","article_publisher":"https:\/\/www.facebook.com\/fernandodelcuboart\/","article_modified_time":"2025-12-21T18:53:19+00:00","twitter_card":"summary_large_image","schema":{"@context":"https:\/\/schema.org","@graph":[{"@type":["WebPage","FAQPage"],"@id":"https:\/\/fernandodelcubo.com\/film\/","url":"https:\/\/fernandodelcubo.com\/film\/","name":"FILM - FERNANDO DEL CUBO","isPartOf":{"@id":"https:\/\/fernandodelcubo.com\/#website"},"datePublished":"2024-03-15T21:19:47+00:00","dateModified":"2025-12-21T18:53:19+00:00","description":"El cine como arma para des-contextualizar la visi\u00f3n monol\u00edtica de la realidad impuesta por la perspectiva mono canal.","breadcrumb":{"@id":"https:\/\/fernandodelcubo.com\/film\/#breadcrumb"},"inLanguage":"en-GB","potentialAction":[{"@type":"ReadAction","target":["https:\/\/fernandodelcubo.com\/film\/"]}]},{"@type":"BreadcrumbList","@id":"https:\/\/fernandodelcubo.com\/film\/#breadcrumb","itemListElement":[{"@type":"ListItem","position":1,"name":"Portada","item":"https:\/\/fernandodelcubo.com\/"},{"@type":"ListItem","position":2,"name":"FILM"}]},{"@type":"WebSite","@id":"https:\/\/fernandodelcubo.com\/#website","url":"https:\/\/fernandodelcubo.com\/","name":"Fernandodelcubo.com","description":"ART","publisher":{"@id":"https:\/\/fernandodelcubo.com\/#\/schema\/person\/2cf3799675fd30a842576d9dd4502ca8"},"potentialAction":[{"@type":"SearchAction","target":{"@type":"EntryPoint","urlTemplate":"https:\/\/fernandodelcubo.com\/?s={search_term_string}"},"query-input":{"@type":"PropertyValueSpecification","valueRequired":true,"valueName":"search_term_string"}}],"inLanguage":"en-GB"},{"@type":["Person","Organization"],"@id":"https:\/\/fernandodelcubo.com\/#\/schema\/person\/2cf3799675fd30a842576d9dd4502ca8","name":"Fernando del cubo","image":{"@type":"ImageObject","inLanguage":"en-GB","@id":"https:\/\/fernandodelcubo.com\/wp-content\/uploads\/cropped-cropped-cropped-CUBO-Logo-2-1-1.pngweb-1-1.png","url":"https:\/\/fernandodelcubo.com\/wp-content\/uploads\/cropped-cropped-cropped-CUBO-Logo-2-1-1.pngweb-1-1.png","contentUrl":"https:\/\/fernandodelcubo.com\/wp-content\/uploads\/cropped-cropped-cropped-CUBO-Logo-2-1-1.pngweb-1-1.png","width":512,"height":512,"caption":"Fernando del cubo"},"logo":{"@id":"https:\/\/fernandodelcubo.com\/wp-content\/uploads\/cropped-cropped-cropped-CUBO-Logo-2-1-1.pngweb-1-1.png"},"description":"Se form\u00f3 en la escena \u201cunderground\u201d madrile\u00f1a, como muralista e ilustrador, para posteriormente centrarse en su carrera como artista pl\u00e1stico y audiovisual. Trabaja sobre procesos escult\u00f3ricos, donde toda construcci\u00f3n es arqueolog\u00eda de la memoria. Partiendo de restos, para trazar un relato, que justifique una visi\u00f3n de lo contempor\u00e1neo, frente a un futuro impredecible.","sameAs":["http:\/\/fernandodelcubo.com","https:\/\/www.facebook.com\/fernandodelcuboart\/","https:\/\/www.instagram.com\/fernandodelcubo.art\/","https:\/\/www.linkedin.com\/in\/fernando-del-cubo\/","https:\/\/www.youtube.com\/@cuboart","https:\/\/soundcloud.com\/fernando-del-cubo"]},{"@type":"HowTo","@id":"https:\/\/fernandodelcubo.com\/film\/#howto-1","name":"FILM","mainEntityOfPage":{"@id":"https:\/\/fernandodelcubo.com\/film\/"},"description":"","inLanguage":"en-GB"}]}},"_links":{"self":[{"href":"https:\/\/fernandodelcubo.com\/en\/wp-json\/wp\/v2\/pages\/1466","targetHints":{"allow":["GET"]}}],"collection":[{"href":"https:\/\/fernandodelcubo.com\/en\/wp-json\/wp\/v2\/pages"}],"about":[{"href":"https:\/\/fernandodelcubo.com\/en\/wp-json\/wp\/v2\/types\/page"}],"author":[{"embeddable":true,"href":"https:\/\/fernandodelcubo.com\/en\/wp-json\/wp\/v2\/users\/2"}],"replies":[{"embeddable":true,"href":"https:\/\/fernandodelcubo.com\/en\/wp-json\/wp\/v2\/comments?post=1466"}],"version-history":[{"count":26,"href":"https:\/\/fernandodelcubo.com\/en\/wp-json\/wp\/v2\/pages\/1466\/revisions"}],"predecessor-version":[{"id":3794,"href":"https:\/\/fernandodelcubo.com\/en\/wp-json\/wp\/v2\/pages\/1466\/revisions\/3794"}],"wp:attachment":[{"href":"https:\/\/fernandodelcubo.com\/en\/wp-json\/wp\/v2\/media?parent=1466"}],"curies":[{"name":"wp","href":"https:\/\/api.w.org\/{rel}","templated":true}]}}