{"id":1505,"date":"2024-03-16T20:48:53","date_gmt":"2024-03-16T20:48:53","guid":{"rendered":"http:\/\/fernandodelcubo.com\/?page_id=1505"},"modified":"2025-08-26T19:53:26","modified_gmt":"2025-08-26T19:53:26","slug":"work","status":"publish","type":"page","link":"https:\/\/fernandodelcubo.com\/en\/work\/","title":{"rendered":"TRABAJOS"},"content":{"rendered":"<div data-elementor-type=\"wp-page\" data-elementor-id=\"1505\" class=\"elementor elementor-1505\">\n\t\t\t\t\t\t<section class=\"elementor-section elementor-top-section elementor-element elementor-element-8ffa8df elementor-section-boxed elementor-section-height-default elementor-section-height-default\" data-id=\"8ffa8df\" data-element_type=\"section\" data-e-type=\"section\">\n\t\t\t\t\t\t<div class=\"elementor-container elementor-column-gap-default\">\n\t\t\t\t\t<div class=\"elementor-column elementor-col-100 elementor-top-column elementor-element elementor-element-5294b14\" data-id=\"5294b14\" data-element_type=\"column\" data-e-type=\"column\">\n\t\t\t<div class=\"elementor-widget-wrap elementor-element-populated\">\n\t\t\t\t\t\t<section class=\"elementor-section elementor-inner-section elementor-element elementor-element-cb91604 elementor-section-full_width elementor-section-height-default elementor-section-height-default\" data-id=\"cb91604\" data-element_type=\"section\" data-e-type=\"section\" data-settings=\"{&quot;animation&quot;:&quot;none&quot;}\">\n\t\t\t\t\t\t<div class=\"elementor-container elementor-column-gap-default\">\n\t\t\t\t\t<div class=\"elementor-column elementor-col-50 elementor-inner-column elementor-element elementor-element-5855f8a\" data-id=\"5855f8a\" data-element_type=\"column\" data-e-type=\"column\">\n\t\t\t<div class=\"elementor-widget-wrap elementor-element-populated\">\n\t\t\t\t\t\t<div class=\"elementor-element elementor-element-45806d9 elementor-widget elementor-widget-image\" data-id=\"45806d9\" data-element_type=\"widget\" data-e-type=\"widget\" data-widget_type=\"image.default\">\n\t\t\t\t<div class=\"elementor-widget-container\">\n\t\t\t\t\t\t\t\t\t\t\t\t\t\t\t\t<a href=\"https:\/\/fernandodelcubo.com\/wp-content\/uploads\/2023-Red-shoes.jpg\" data-elementor-open-lightbox=\"yes\" data-elementor-lightbox-title=\"Cenicienta\" data-e-action-hash=\"#elementor-action%3Aaction%3Dlightbox%26settings%3DeyJpZCI6MTkzNCwidXJsIjoiaHR0cHM6XC9cL2Zlcm5hbmRvZGVsY3Viby5jb21cL3dwLWNvbnRlbnRcL3VwbG9hZHNcLzIwMjMtUmVkLXNob2VzLmpwZyJ9\">\n\t\t\t\t\t\t\t<img fetchpriority=\"high\" decoding=\"async\" width=\"769\" height=\"500\" src=\"https:\/\/fernandodelcubo.com\/wp-content\/uploads\/2023-Red-shoes.jpg\" class=\"attachment-medium_large size-medium_large wp-image-1934\" alt=\"CENICIENTA Pl\u00e1stico - terciopelo \u2013 Barro art \u2013 polivinilo 15 x 35 x 19 cm\" srcset=\"https:\/\/fernandodelcubo.com\/wp-content\/uploads\/2023-Red-shoes.jpg 769w, https:\/\/fernandodelcubo.com\/wp-content\/uploads\/2023-Red-shoes-600x390.jpg 600w, https:\/\/fernandodelcubo.com\/wp-content\/uploads\/2023-Red-shoes-300x195.jpg 300w, https:\/\/fernandodelcubo.com\/wp-content\/uploads\/2023-Red-shoes-338x220.jpg 338w\" sizes=\"(max-width: 769px) 100vw, 769px\" \/>\t\t\t\t\t\t\t\t<\/a>\n\t\t\t\t\t\t\t\t\t\t\t\t\t\t\t<\/div>\n\t\t\t\t<\/div>\n\t\t\t\t<div class=\"elementor-element elementor-element-b47833c elementor-widget elementor-widget-image\" data-id=\"b47833c\" data-element_type=\"widget\" data-e-type=\"widget\" data-widget_type=\"image.default\">\n\t\t\t\t<div class=\"elementor-widget-container\">\n\t\t\t\t\t\t\t\t\t\t\t\t\t\t\t\t<a href=\"http:\/\/fernandodelcubo.com\/wp-content\/uploads\/2017-Cocktail-of-threats-1.jpg\" data-elementor-open-lightbox=\"yes\" data-elementor-lightbox-title=\"Cocktail of threats\" data-e-action-hash=\"#elementor-action%3Aaction%3Dlightbox%26settings%3DeyJpZCI6MTk2MywidXJsIjoiaHR0cHM6XC9cL2Zlcm5hbmRvZGVsY3Viby5jb21cL3dwLWNvbnRlbnRcL3VwbG9hZHNcLzIwMTctQ29ja3RhaWwtb2YtdGhyZWF0cy0xLmpwZyJ9\">\n\t\t\t\t\t\t\t<img decoding=\"async\" width=\"500\" height=\"769\" src=\"https:\/\/fernandodelcubo.com\/wp-content\/uploads\/2017-Cocktail-of-threats-1.jpg\" class=\"attachment-medium_large size-medium_large wp-image-1963\" alt=\"\" \/>\t\t\t\t\t\t\t\t<\/a>\n\t\t\t\t\t\t\t\t\t\t\t\t\t\t\t<\/div>\n\t\t\t\t<\/div>\n\t\t\t\t\t<\/div>\n\t\t<\/div>\n\t\t\t\t<div class=\"elementor-column elementor-col-50 elementor-inner-column elementor-element elementor-element-13da8cc\" data-id=\"13da8cc\" data-element_type=\"column\" data-e-type=\"column\">\n\t\t\t<div class=\"elementor-widget-wrap elementor-element-populated\">\n\t\t\t\t\t\t<div class=\"elementor-element elementor-element-fc272e9 elementor-widget elementor-widget-image\" data-id=\"fc272e9\" data-element_type=\"widget\" data-e-type=\"widget\" data-widget_type=\"image.default\">\n\t\t\t\t<div class=\"elementor-widget-container\">\n\t\t\t\t\t\t\t\t\t\t\t\t\t\t\t\t<a href=\"http:\/\/fernandodelcubo.com\/wp-content\/uploads\/Base-Web-pict.jpg\" data-elementor-open-lightbox=\"yes\" data-e-action-hash=\"#elementor-action%3Aaction%3Dlightbox%26settings%3DeyJpZCI6MTg4MCwidXJsIjoiaHR0cHM6XC9cL2Zlcm5hbmRvZGVsY3Viby5jb21cL3dwLWNvbnRlbnRcL3VwbG9hZHNcL0Jhc2UtV2ViLXBpY3QuanBnIn0%3D\">\n\t\t\t\t\t\t\t<img decoding=\"async\" width=\"858\" height=\"500\" src=\"https:\/\/fernandodelcubo.com\/wp-content\/uploads\/Base-Web-pict.jpg\" class=\"attachment-medium_large size-medium_large wp-image-1880\" alt=\"\" srcset=\"https:\/\/fernandodelcubo.com\/wp-content\/uploads\/Base-Web-pict.jpg 858w, https:\/\/fernandodelcubo.com\/wp-content\/uploads\/Base-Web-pict-600x350.jpg 600w\" sizes=\"(max-width: 858px) 100vw, 858px\" \/>\t\t\t\t\t\t\t\t<\/a>\n\t\t\t\t\t\t\t\t\t\t\t\t\t\t\t<\/div>\n\t\t\t\t<\/div>\n\t\t\t\t\t<\/div>\n\t\t<\/div>\n\t\t\t\t\t<\/div>\n\t\t<\/section>\n\t\t\t\t\t<\/div>\n\t\t<\/div>\n\t\t\t\t\t<\/div>\n\t\t<\/section>\n\t\t\t\t<section class=\"elementor-section elementor-top-section elementor-element elementor-element-985d686 elementor-section-boxed elementor-section-height-default elementor-section-height-default\" data-id=\"985d686\" data-element_type=\"section\" data-e-type=\"section\">\n\t\t\t\t\t\t<div class=\"elementor-container elementor-column-gap-default\">\n\t\t\t\t\t<div class=\"elementor-column elementor-col-33 elementor-top-column elementor-element elementor-element-9cd015c\" data-id=\"9cd015c\" data-element_type=\"column\" data-e-type=\"column\">\n\t\t\t<div class=\"elementor-widget-wrap elementor-element-populated\">\n\t\t\t\t\t\t<div class=\"elementor-element elementor-element-cecbf5f elementor-widget elementor-widget-image\" data-id=\"cecbf5f\" data-element_type=\"widget\" data-e-type=\"widget\" data-widget_type=\"image.default\">\n\t\t\t\t<div class=\"elementor-widget-container\">\n\t\t\t\t\t\t\t\t\t\t\t\t\t\t\t\t<a href=\"https:\/\/fernandodelcubo.com\/wp-content\/uploads\/2015-El-miedo-tiene-ojos-grandes-5.jpg\" data-elementor-open-lightbox=\"yes\" data-e-action-hash=\"#elementor-action%3Aaction%3Dlightbox%26settings%3DeyJpZCI6MTk2MCwidXJsIjpmYWxzZX0%3D\">\n\t\t\t\t\t\t\t<img decoding=\"async\" src=\"https:\/\/fernandodelcubo.com\/wp-content\/uploads\/2015-El-miedo-tiene-ojos-grandes-5.jpg\" title=\"\" alt=\"El terrorismo como fantasma .\" loading=\"lazy\" \/>\t\t\t\t\t\t\t\t<\/a>\n\t\t\t\t\t\t\t\t\t\t\t\t\t\t\t<\/div>\n\t\t\t\t<\/div>\n\t\t\t\t<div class=\"elementor-element elementor-element-84bdfd7 elementor-widget elementor-widget-image\" data-id=\"84bdfd7\" data-element_type=\"widget\" data-e-type=\"widget\" data-widget_type=\"image.default\">\n\t\t\t\t<div class=\"elementor-widget-container\">\n\t\t\t\t\t\t\t\t\t\t\t\t\t\t\t\t<a href=\"http:\/\/fernandodelcubo.com\/wp-content\/uploads\/PAM-PAM-estas-muerto.pero-te-revivo.jpg\" data-elementor-open-lightbox=\"yes\" data-elementor-lightbox-title=\"Pam, pam estas muerto\u2026 pero te revivo.\" data-e-action-hash=\"#elementor-action%3Aaction%3Dlightbox%26settings%3DeyJpZCI6MTk0MCwidXJsIjoiaHR0cHM6XC9cL2Zlcm5hbmRvZGVsY3Viby5jb21cL3dwLWNvbnRlbnRcL3VwbG9hZHNcL1BBTS1QQU0tZXN0YXMtbXVlcnRvLnBlcm8tdGUtcmV2aXZvLmpwZyJ9\">\n\t\t\t\t\t\t\t<img loading=\"lazy\" decoding=\"async\" width=\"413\" height=\"300\" src=\"https:\/\/fernandodelcubo.com\/wp-content\/uploads\/PAM-PAM-estas-muerto.pero-te-revivo-413x300.jpg\" class=\"attachment-bravada-lpbox-2 size-bravada-lpbox-2 wp-image-1940\" alt=\"Pam, pam estas muerto\u2026 pero te revivo. Caja de nogal, Poliestireno, Parafina. 23,5 x 16,5 x 8 cm\" \/>\t\t\t\t\t\t\t\t<\/a>\n\t\t\t\t\t\t\t\t\t\t\t\t\t\t\t<\/div>\n\t\t\t\t<\/div>\n\t\t\t\t\t<\/div>\n\t\t<\/div>\n\t\t\t\t<div class=\"elementor-column elementor-col-33 elementor-top-column elementor-element elementor-element-0d7d30d\" data-id=\"0d7d30d\" data-element_type=\"column\" data-e-type=\"column\">\n\t\t\t<div class=\"elementor-widget-wrap elementor-element-populated\">\n\t\t\t\t\t\t<div class=\"elementor-element elementor-element-2070bea elementor-widget elementor-widget-image\" data-id=\"2070bea\" data-element_type=\"widget\" data-e-type=\"widget\" data-widget_type=\"image.default\">\n\t\t\t\t<div class=\"elementor-widget-container\">\n\t\t\t\t\t\t\t\t\t\t\t\t\t\t\t\t<a href=\"http:\/\/fernandodelcubo.com\/wp-content\/uploads\/2022-It-is-what-it-is-2.jpg\" data-elementor-open-lightbox=\"yes\" data-elementor-lightbox-title=\"Es lo qu\u00e9 hay \" data-e-action-hash=\"#elementor-action%3Aaction%3Dlightbox%26settings%3DeyJpZCI6MTk3NywidXJsIjoiaHR0cHM6XC9cL2Zlcm5hbmRvZGVsY3Viby5jb21cL3dwLWNvbnRlbnRcL3VwbG9hZHNcLzIwMjItSXQtaXMtd2hhdC1pdC1pcy0yLmpwZyJ9\">\n\t\t\t\t\t\t\t<img loading=\"lazy\" decoding=\"async\" width=\"413\" height=\"300\" src=\"https:\/\/fernandodelcubo.com\/wp-content\/uploads\/2022-It-is-what-it-is-2-413x300.jpg\" class=\"attachment-bravada-lpbox-2 size-bravada-lpbox-2 wp-image-1977\" alt=\"Es lo qu\u00e9 hay - IT IS WHAT IT IS Tela, Polipropileno, Madera. 30 x 22 cm\" \/>\t\t\t\t\t\t\t\t<\/a>\n\t\t\t\t\t\t\t\t\t\t\t\t\t\t\t<\/div>\n\t\t\t\t<\/div>\n\t\t\t\t<div class=\"elementor-element elementor-element-0cb8530 elementor-widget elementor-widget-image\" data-id=\"0cb8530\" data-element_type=\"widget\" data-e-type=\"widget\" data-widget_type=\"image.default\">\n\t\t\t\t<div class=\"elementor-widget-container\">\n\t\t\t\t\t\t\t\t\t\t\t\t\t\t\t\t<a href=\"https:\/\/fernandodelcubo.com\/wp-content\/uploads\/Neo-Liberal1-web-scaled.jpg\" data-elementor-open-lightbox=\"yes\" data-elementor-lightbox-title=\"Neo-Liberal T- Shirt\" data-e-action-hash=\"#elementor-action%3Aaction%3Dlightbox%26settings%3DeyJpZCI6MjMyNywidXJsIjoiaHR0cHM6XC9cL2Zlcm5hbmRvZGVsY3Viby5jb21cL3dwLWNvbnRlbnRcL3VwbG9hZHNcL05lby1MaWJlcmFsMS13ZWItc2NhbGVkLmpwZyJ9\">\n\t\t\t\t\t\t\t<img loading=\"lazy\" decoding=\"async\" width=\"1536\" height=\"1040\" src=\"https:\/\/fernandodelcubo.com\/wp-content\/uploads\/Neo-Liberal1-web-1536x1040.jpg\" class=\"attachment-1536x1536 size-1536x1536 wp-image-2327\" alt=\"T-Shirt Noe liberal logo\" srcset=\"https:\/\/fernandodelcubo.com\/wp-content\/uploads\/Neo-Liberal1-web-1536x1040.jpg 1536w, https:\/\/fernandodelcubo.com\/wp-content\/uploads\/Neo-Liberal1-web-scaled-600x406.jpg 600w, https:\/\/fernandodelcubo.com\/wp-content\/uploads\/Neo-Liberal1-web-300x203.jpg 300w, https:\/\/fernandodelcubo.com\/wp-content\/uploads\/Neo-Liberal1-web-800x542.jpg 800w, https:\/\/fernandodelcubo.com\/wp-content\/uploads\/Neo-Liberal1-web-2048x1387.jpg 2048w, https:\/\/fernandodelcubo.com\/wp-content\/uploads\/Neo-Liberal1-web-325x220.jpg 325w\" sizes=\"(max-width: 1536px) 100vw, 1536px\" \/>\t\t\t\t\t\t\t\t<\/a>\n\t\t\t\t\t\t\t\t\t\t\t\t\t\t\t<\/div>\n\t\t\t\t<\/div>\n\t\t\t\t\t<\/div>\n\t\t<\/div>\n\t\t\t\t<div class=\"elementor-column elementor-col-33 elementor-top-column elementor-element elementor-element-f8cc12c\" data-id=\"f8cc12c\" data-element_type=\"column\" data-e-type=\"column\">\n\t\t\t<div class=\"elementor-widget-wrap elementor-element-populated\">\n\t\t\t\t\t\t<div class=\"elementor-element elementor-element-4803be5 elementor-widget elementor-widget-image\" data-id=\"4803be5\" data-element_type=\"widget\" data-e-type=\"widget\" data-widget_type=\"image.default\">\n\t\t\t\t<div class=\"elementor-widget-container\">\n\t\t\t\t\t\t\t\t\t\t\t\t\t\t\t\t<a href=\"http:\/\/fernandodelcubo.com\/wp-content\/uploads\/A-la-lima-y-al-limon.jpg\" data-elementor-open-lightbox=\"yes\" data-elementor-lightbox-title=\"A la lima y al lim\u00f3n\" data-e-action-hash=\"#elementor-action%3Aaction%3Dlightbox%26settings%3DeyJpZCI6MTkzNiwidXJsIjoiaHR0cHM6XC9cL2Zlcm5hbmRvZGVsY3Viby5jb21cL3dwLWNvbnRlbnRcL3VwbG9hZHNcL0EtbGEtbGltYS15LWFsLWxpbW9uLmpwZyJ9\">\n\t\t\t\t\t\t\t<img loading=\"lazy\" decoding=\"async\" width=\"500\" height=\"769\" src=\"https:\/\/fernandodelcubo.com\/wp-content\/uploads\/A-la-lima-y-al-limon.jpg\" class=\"attachment-large size-large wp-image-1936\" alt=\"Los solteros y la novia \/ Le petiti verre \/ Duchamp- Fernando Del Cubo\" \/>\t\t\t\t\t\t\t\t<\/a>\n\t\t\t\t\t\t\t\t\t\t\t\t\t\t\t<\/div>\n\t\t\t\t<\/div>\n\t\t\t\t\t<\/div>\n\t\t<\/div>\n\t\t\t\t\t<\/div>\n\t\t<\/section>\n\t\t\t\t<\/div>","protected":false},"excerpt":{"rendered":"","protected":false},"author":2,"featured_media":0,"parent":0,"menu_order":0,"comment_status":"closed","ping_status":"closed","template":"","meta":{"footnotes":""},"class_list":["post-1505","page","type-page","status-publish","hentry"],"yoast_head":"<!-- This site is optimized with the Yoast SEO plugin v27.5 - https:\/\/yoast.com\/product\/yoast-seo-wordpress\/ -->\n<title>TRABAJOS - FERNANDO DEL CUBO<\/title>\n<meta name=\"robots\" content=\"index, follow, max-snippet:-1, max-image-preview:large, max-video-preview:-1\" \/>\n<link rel=\"canonical\" href=\"https:\/\/fernandodelcubo.com\/en\/work\/\" \/>\n<meta property=\"og:locale\" content=\"en_GB\" \/>\n<meta property=\"og:type\" content=\"article\" \/>\n<meta property=\"og:title\" content=\"TRABAJOS - FERNANDO DEL CUBO\" \/>\n<meta property=\"og:url\" content=\"https:\/\/fernandodelcubo.com\/en\/work\/\" \/>\n<meta property=\"og:site_name\" content=\"FERNANDO DEL CUBO\" \/>\n<meta property=\"article:publisher\" content=\"https:\/\/www.facebook.com\/fernandodelcuboart\/\" \/>\n<meta property=\"article:modified_time\" content=\"2025-08-26T19:53:26+00:00\" \/>\n<meta property=\"og:image\" content=\"https:\/\/fernandodelcubo.com\/wp-content\/uploads\/2023-Red-shoes.jpg\" \/>\n\t<meta property=\"og:image:width\" content=\"769\" \/>\n\t<meta property=\"og:image:height\" content=\"500\" \/>\n\t<meta property=\"og:image:type\" content=\"image\/jpeg\" \/>\n<meta name=\"twitter:card\" content=\"summary_large_image\" \/>\n<script type=\"application\/ld+json\" class=\"yoast-schema-graph\">{\"@context\":\"https:\\\/\\\/schema.org\",\"@graph\":[{\"@type\":\"WebPage\",\"@id\":\"https:\\\/\\\/fernandodelcubo.com\\\/work\\\/\",\"url\":\"https:\\\/\\\/fernandodelcubo.com\\\/work\\\/\",\"name\":\"TRABAJOS - FERNANDO DEL CUBO\",\"isPartOf\":{\"@id\":\"https:\\\/\\\/fernandodelcubo.com\\\/#website\"},\"primaryImageOfPage\":{\"@id\":\"https:\\\/\\\/fernandodelcubo.com\\\/work\\\/#primaryimage\"},\"image\":{\"@id\":\"https:\\\/\\\/fernandodelcubo.com\\\/work\\\/#primaryimage\"},\"thumbnailUrl\":\"https:\\\/\\\/fernandodelcubo.com\\\/wp-content\\\/uploads\\\/2023-Red-shoes.jpg\",\"datePublished\":\"2024-03-16T20:48:53+00:00\",\"dateModified\":\"2025-08-26T19:53:26+00:00\",\"breadcrumb\":{\"@id\":\"https:\\\/\\\/fernandodelcubo.com\\\/work\\\/#breadcrumb\"},\"inLanguage\":\"en-GB\",\"potentialAction\":[{\"@type\":\"ReadAction\",\"target\":[\"https:\\\/\\\/fernandodelcubo.com\\\/work\\\/\"]}]},{\"@type\":\"ImageObject\",\"inLanguage\":\"en-GB\",\"@id\":\"https:\\\/\\\/fernandodelcubo.com\\\/work\\\/#primaryimage\",\"url\":\"https:\\\/\\\/fernandodelcubo.com\\\/wp-content\\\/uploads\\\/2023-Red-shoes.jpg\",\"contentUrl\":\"https:\\\/\\\/fernandodelcubo.com\\\/wp-content\\\/uploads\\\/2023-Red-shoes.jpg\"},{\"@type\":\"BreadcrumbList\",\"@id\":\"https:\\\/\\\/fernandodelcubo.com\\\/work\\\/#breadcrumb\",\"itemListElement\":[{\"@type\":\"ListItem\",\"position\":1,\"name\":\"Portada\",\"item\":\"https:\\\/\\\/fernandodelcubo.com\\\/\"},{\"@type\":\"ListItem\",\"position\":2,\"name\":\"TRABAJOS\"}]},{\"@type\":\"WebSite\",\"@id\":\"https:\\\/\\\/fernandodelcubo.com\\\/#website\",\"url\":\"https:\\\/\\\/fernandodelcubo.com\\\/\",\"name\":\"Fernandodelcubo.com\",\"description\":\"ART\",\"publisher\":{\"@id\":\"https:\\\/\\\/fernandodelcubo.com\\\/#\\\/schema\\\/person\\\/2cf3799675fd30a842576d9dd4502ca8\"},\"potentialAction\":[{\"@type\":\"SearchAction\",\"target\":{\"@type\":\"EntryPoint\",\"urlTemplate\":\"https:\\\/\\\/fernandodelcubo.com\\\/?s={search_term_string}\"},\"query-input\":{\"@type\":\"PropertyValueSpecification\",\"valueRequired\":true,\"valueName\":\"search_term_string\"}}],\"inLanguage\":\"en-GB\"},{\"@type\":[\"Person\",\"Organization\"],\"@id\":\"https:\\\/\\\/fernandodelcubo.com\\\/#\\\/schema\\\/person\\\/2cf3799675fd30a842576d9dd4502ca8\",\"name\":\"Fernando del cubo\",\"image\":{\"@type\":\"ImageObject\",\"inLanguage\":\"en-GB\",\"@id\":\"https:\\\/\\\/fernandodelcubo.com\\\/wp-content\\\/uploads\\\/cropped-cropped-cropped-CUBO-Logo-2-1-1.pngweb-1-1.png\",\"url\":\"https:\\\/\\\/fernandodelcubo.com\\\/wp-content\\\/uploads\\\/cropped-cropped-cropped-CUBO-Logo-2-1-1.pngweb-1-1.png\",\"contentUrl\":\"https:\\\/\\\/fernandodelcubo.com\\\/wp-content\\\/uploads\\\/cropped-cropped-cropped-CUBO-Logo-2-1-1.pngweb-1-1.png\",\"width\":512,\"height\":512,\"caption\":\"Fernando del cubo\"},\"logo\":{\"@id\":\"https:\\\/\\\/fernandodelcubo.com\\\/wp-content\\\/uploads\\\/cropped-cropped-cropped-CUBO-Logo-2-1-1.pngweb-1-1.png\"},\"description\":\"Se form\u00f3 en la escena \u201cunderground\u201d madrile\u00f1a, como muralista e ilustrador, para posteriormente centrarse en su carrera como artista pl\u00e1stico y audiovisual. Trabaja sobre procesos escult\u00f3ricos, donde toda construcci\u00f3n es arqueolog\u00eda de la memoria. Partiendo de restos, para trazar un relato, que justifique una visi\u00f3n de lo contempor\u00e1neo, frente a un futuro impredecible.\",\"sameAs\":[\"http:\\\/\\\/fernandodelcubo.com\",\"https:\\\/\\\/www.facebook.com\\\/fernandodelcuboart\\\/\",\"https:\\\/\\\/www.instagram.com\\\/fernandodelcubo.art\\\/\",\"https:\\\/\\\/www.linkedin.com\\\/in\\\/fernando-del-cubo\\\/\",\"https:\\\/\\\/www.youtube.com\\\/@cuboart\",\"https:\\\/\\\/soundcloud.com\\\/fernando-del-cubo\"]}]}<\/script>\n<!-- \/ Yoast SEO plugin. -->","yoast_head_json":{"title":"TRABAJOS - FERNANDO DEL CUBO","robots":{"index":"index","follow":"follow","max-snippet":"max-snippet:-1","max-image-preview":"max-image-preview:large","max-video-preview":"max-video-preview:-1"},"canonical":"https:\/\/fernandodelcubo.com\/en\/work\/","og_locale":"en_GB","og_type":"article","og_title":"TRABAJOS - FERNANDO DEL CUBO","og_url":"https:\/\/fernandodelcubo.com\/en\/work\/","og_site_name":"FERNANDO DEL CUBO","article_publisher":"https:\/\/www.facebook.com\/fernandodelcuboart\/","article_modified_time":"2025-08-26T19:53:26+00:00","og_image":[{"width":769,"height":500,"url":"https:\/\/fernandodelcubo.com\/wp-content\/uploads\/2023-Red-shoes.jpg","type":"image\/jpeg"}],"twitter_card":"summary_large_image","schema":{"@context":"https:\/\/schema.org","@graph":[{"@type":"WebPage","@id":"https:\/\/fernandodelcubo.com\/work\/","url":"https:\/\/fernandodelcubo.com\/work\/","name":"TRABAJOS - FERNANDO DEL CUBO","isPartOf":{"@id":"https:\/\/fernandodelcubo.com\/#website"},"primaryImageOfPage":{"@id":"https:\/\/fernandodelcubo.com\/work\/#primaryimage"},"image":{"@id":"https:\/\/fernandodelcubo.com\/work\/#primaryimage"},"thumbnailUrl":"https:\/\/fernandodelcubo.com\/wp-content\/uploads\/2023-Red-shoes.jpg","datePublished":"2024-03-16T20:48:53+00:00","dateModified":"2025-08-26T19:53:26+00:00","breadcrumb":{"@id":"https:\/\/fernandodelcubo.com\/work\/#breadcrumb"},"inLanguage":"en-GB","potentialAction":[{"@type":"ReadAction","target":["https:\/\/fernandodelcubo.com\/work\/"]}]},{"@type":"ImageObject","inLanguage":"en-GB","@id":"https:\/\/fernandodelcubo.com\/work\/#primaryimage","url":"https:\/\/fernandodelcubo.com\/wp-content\/uploads\/2023-Red-shoes.jpg","contentUrl":"https:\/\/fernandodelcubo.com\/wp-content\/uploads\/2023-Red-shoes.jpg"},{"@type":"BreadcrumbList","@id":"https:\/\/fernandodelcubo.com\/work\/#breadcrumb","itemListElement":[{"@type":"ListItem","position":1,"name":"Portada","item":"https:\/\/fernandodelcubo.com\/"},{"@type":"ListItem","position":2,"name":"TRABAJOS"}]},{"@type":"WebSite","@id":"https:\/\/fernandodelcubo.com\/#website","url":"https:\/\/fernandodelcubo.com\/","name":"Fernandodelcubo.com","description":"ART","publisher":{"@id":"https:\/\/fernandodelcubo.com\/#\/schema\/person\/2cf3799675fd30a842576d9dd4502ca8"},"potentialAction":[{"@type":"SearchAction","target":{"@type":"EntryPoint","urlTemplate":"https:\/\/fernandodelcubo.com\/?s={search_term_string}"},"query-input":{"@type":"PropertyValueSpecification","valueRequired":true,"valueName":"search_term_string"}}],"inLanguage":"en-GB"},{"@type":["Person","Organization"],"@id":"https:\/\/fernandodelcubo.com\/#\/schema\/person\/2cf3799675fd30a842576d9dd4502ca8","name":"Fernando del cubo","image":{"@type":"ImageObject","inLanguage":"en-GB","@id":"https:\/\/fernandodelcubo.com\/wp-content\/uploads\/cropped-cropped-cropped-CUBO-Logo-2-1-1.pngweb-1-1.png","url":"https:\/\/fernandodelcubo.com\/wp-content\/uploads\/cropped-cropped-cropped-CUBO-Logo-2-1-1.pngweb-1-1.png","contentUrl":"https:\/\/fernandodelcubo.com\/wp-content\/uploads\/cropped-cropped-cropped-CUBO-Logo-2-1-1.pngweb-1-1.png","width":512,"height":512,"caption":"Fernando del cubo"},"logo":{"@id":"https:\/\/fernandodelcubo.com\/wp-content\/uploads\/cropped-cropped-cropped-CUBO-Logo-2-1-1.pngweb-1-1.png"},"description":"Se form\u00f3 en la escena \u201cunderground\u201d madrile\u00f1a, como muralista e ilustrador, para posteriormente centrarse en su carrera como artista pl\u00e1stico y audiovisual. Trabaja sobre procesos escult\u00f3ricos, donde toda construcci\u00f3n es arqueolog\u00eda de la memoria. Partiendo de restos, para trazar un relato, que justifique una visi\u00f3n de lo contempor\u00e1neo, frente a un futuro impredecible.","sameAs":["http:\/\/fernandodelcubo.com","https:\/\/www.facebook.com\/fernandodelcuboart\/","https:\/\/www.instagram.com\/fernandodelcubo.art\/","https:\/\/www.linkedin.com\/in\/fernando-del-cubo\/","https:\/\/www.youtube.com\/@cuboart","https:\/\/soundcloud.com\/fernando-del-cubo"]}]}},"_links":{"self":[{"href":"https:\/\/fernandodelcubo.com\/en\/wp-json\/wp\/v2\/pages\/1505","targetHints":{"allow":["GET"]}}],"collection":[{"href":"https:\/\/fernandodelcubo.com\/en\/wp-json\/wp\/v2\/pages"}],"about":[{"href":"https:\/\/fernandodelcubo.com\/en\/wp-json\/wp\/v2\/types\/page"}],"author":[{"embeddable":true,"href":"https:\/\/fernandodelcubo.com\/en\/wp-json\/wp\/v2\/users\/2"}],"replies":[{"embeddable":true,"href":"https:\/\/fernandodelcubo.com\/en\/wp-json\/wp\/v2\/comments?post=1505"}],"version-history":[{"count":109,"href":"https:\/\/fernandodelcubo.com\/en\/wp-json\/wp\/v2\/pages\/1505\/revisions"}],"predecessor-version":[{"id":3433,"href":"https:\/\/fernandodelcubo.com\/en\/wp-json\/wp\/v2\/pages\/1505\/revisions\/3433"}],"wp:attachment":[{"href":"https:\/\/fernandodelcubo.com\/en\/wp-json\/wp\/v2\/media?parent=1505"}],"curies":[{"name":"wp","href":"https:\/\/api.w.org\/{rel}","templated":true}]}}