{"id":71,"date":"2016-02-22T19:43:41","date_gmt":"2016-02-22T19:43:41","guid":{"rendered":"https:\/\/fernandodelcubo.com\/?page_id=71"},"modified":"2025-12-21T19:15:04","modified_gmt":"2025-12-21T19:15:04","slug":"contacto-redes-sociales","status":"publish","type":"page","link":"https:\/\/fernandodelcubo.com\/en\/contacto-redes-sociales\/","title":{"rendered":"CONTACTO"},"content":{"rendered":"<div data-elementor-type=\"wp-page\" data-elementor-id=\"71\" class=\"elementor elementor-71\">\n\t\t\t\t\t\t<section class=\"elementor-section elementor-top-section elementor-element elementor-element-edcd2e5 elementor-section-boxed elementor-section-height-default elementor-section-height-default\" data-id=\"edcd2e5\" data-element_type=\"section\" data-e-type=\"section\">\n\t\t\t\t\t\t<div class=\"elementor-container elementor-column-gap-default\">\n\t\t\t\t\t<div class=\"elementor-column elementor-col-100 elementor-top-column elementor-element elementor-element-0a91e9e\" data-id=\"0a91e9e\" data-element_type=\"column\" data-e-type=\"column\">\n\t\t\t<div class=\"elementor-widget-wrap elementor-element-populated\">\n\t\t\t\t\t\t<div class=\"elementor-element elementor-element-ca7530a elementor-align-justify elementor-button-info elementor-widget elementor-widget-button\" data-id=\"ca7530a\" data-element_type=\"widget\" data-e-type=\"widget\" data-widget_type=\"button.default\">\n\t\t\t\t<div class=\"elementor-widget-container\">\n\t\t\t\t\t\t\t\t\t<div class=\"elementor-button-wrapper\">\n\t\t\t\t\t<a class=\"elementor-button elementor-size-lg\" role=\"button\">\n\t\t\t\t\t\t<span class=\"elementor-button-content-wrapper\">\n\t\t\t\t\t\t\t\t\t<span class=\"elementor-button-text\">info@fernandodelcubo.com<\/span>\n\t\t\t\t\t<\/span>\n\t\t\t\t\t<\/a>\n\t\t\t\t<\/div>\n\t\t\t\t\t\t\t\t<\/div>\n\t\t\t\t<\/div>\n\t\t\t\t\t<\/div>\n\t\t<\/div>\n\t\t\t\t\t<\/div>\n\t\t<\/section>\n\t\t\t\t<section class=\"elementor-section elementor-top-section elementor-element elementor-element-b096a25 elementor-section-boxed elementor-section-height-default elementor-section-height-default\" data-id=\"b096a25\" data-element_type=\"section\" data-e-type=\"section\">\n\t\t\t\t\t\t<div class=\"elementor-container elementor-column-gap-default\">\n\t\t\t\t\t<div class=\"elementor-column elementor-col-100 elementor-top-column elementor-element elementor-element-7285dde\" data-id=\"7285dde\" data-element_type=\"column\" data-e-type=\"column\">\n\t\t\t<div class=\"elementor-widget-wrap elementor-element-populated\">\n\t\t\t\t\t\t<div class=\"elementor-element elementor-element-72c8b05 elementor-shape-circle elementor-grid-0 e-grid-align-center elementor-widget elementor-widget-social-icons\" data-id=\"72c8b05\" data-element_type=\"widget\" data-e-type=\"widget\" data-widget_type=\"social-icons.default\">\n\t\t\t\t<div class=\"elementor-widget-container\">\n\t\t\t\t\t\t\t<div class=\"elementor-social-icons-wrapper elementor-grid\" role=\"list\">\n\t\t\t\t\t\t\t<span class=\"elementor-grid-item\" role=\"listitem\">\n\t\t\t\t\t<a class=\"elementor-icon elementor-social-icon elementor-social-icon-instagram elementor-animation-pop elementor-repeater-item-ba59dc1\" href=\"https:\/\/www.instagram.com\/fernandodelcubo_art\/\" target=\"_blank\">\n\t\t\t\t\t\t<span class=\"elementor-screen-only\">Instagram<\/span>\n\t\t\t\t\t\t<i aria-hidden=\"true\" class=\"fab fa-instagram\"><\/i>\t\t\t\t\t<\/a>\n\t\t\t\t<\/span>\n\t\t\t\t\t\t\t<span class=\"elementor-grid-item\" role=\"listitem\">\n\t\t\t\t\t<a class=\"elementor-icon elementor-social-icon elementor-social-icon-facebook elementor-animation-pop elementor-repeater-item-e578201\" href=\"https:\/\/www.facebook.com\/cubo.cubo.3\" target=\"_blank\">\n\t\t\t\t\t\t<span class=\"elementor-screen-only\">Facebook<\/span>\n\t\t\t\t\t\t<i aria-hidden=\"true\" class=\"fab fa-facebook\"><\/i>\t\t\t\t\t<\/a>\n\t\t\t\t<\/span>\n\t\t\t\t\t\t\t<span class=\"elementor-grid-item\" role=\"listitem\">\n\t\t\t\t\t<a class=\"elementor-icon elementor-social-icon elementor-social-icon-vimeo elementor-animation-pop elementor-repeater-item-3d53d69\" href=\"https:\/\/vimeo.com\/fernandodelcubo\" target=\"_blank\">\n\t\t\t\t\t\t<span class=\"elementor-screen-only\">Vimeo<\/span>\n\t\t\t\t\t\t<i aria-hidden=\"true\" class=\"fab fa-vimeo\"><\/i>\t\t\t\t\t<\/a>\n\t\t\t\t<\/span>\n\t\t\t\t\t\t\t<span class=\"elementor-grid-item\" role=\"listitem\">\n\t\t\t\t\t<a class=\"elementor-icon elementor-social-icon elementor-social-icon-youtube elementor-animation-pop elementor-repeater-item-917ad02\" href=\"https:\/\/www.youtube.com\/playlist?list=PLTnu8OWfZnIL7-AQQ4OiMnKUFpOFF9zXY\" target=\"_blank\">\n\t\t\t\t\t\t<span class=\"elementor-screen-only\">Youtube<\/span>\n\t\t\t\t\t\t<i aria-hidden=\"true\" class=\"fab fa-youtube\"><\/i>\t\t\t\t\t<\/a>\n\t\t\t\t<\/span>\n\t\t\t\t\t\t\t<span class=\"elementor-grid-item\" role=\"listitem\">\n\t\t\t\t\t<a class=\"elementor-icon elementor-social-icon elementor-social-icon-pinterest elementor-animation-pop elementor-repeater-item-9b5a507\" href=\"https:\/\/www.pinterest.fr\/fernandodelcubo\/\" target=\"_blank\">\n\t\t\t\t\t\t<span class=\"elementor-screen-only\">Pinterest<\/span>\n\t\t\t\t\t\t<i aria-hidden=\"true\" class=\"fab fa-pinterest\"><\/i>\t\t\t\t\t<\/a>\n\t\t\t\t<\/span>\n\t\t\t\t\t<\/div>\n\t\t\t\t\t\t<\/div>\n\t\t\t\t<\/div>\n\t\t\t\t\t<\/div>\n\t\t<\/div>\n\t\t\t\t\t<\/div>\n\t\t<\/section>\n\t\t\t\t<\/div>","protected":false},"excerpt":{"rendered":"<p>info@fernandodelcubo.com Instagram Facebook Vimeo Youtube Pinterest<\/p>","protected":false},"author":2,"featured_media":0,"parent":0,"menu_order":0,"comment_status":"closed","ping_status":"closed","template":"elementor_theme","meta":{"footnotes":""},"class_list":["post-71","page","type-page","status-publish","hentry"],"yoast_head":"<!-- This site is optimized with the Yoast SEO plugin v27.4 - https:\/\/yoast.com\/product\/yoast-seo-wordpress\/ -->\n<title>CONTACTO - FERNANDO DEL CUBO<\/title>\n<meta name=\"description\" content=\"Contacto, redes sociales y direccion email para establecer un dialogo constructivo con el artista de manera libre y sin compromisos.\" \/>\n<meta name=\"robots\" content=\"index, follow, max-image-preview:large, max-video-preview:-1, nosnippet\" \/>\n<link rel=\"canonical\" href=\"https:\/\/fernandodelcubo.com\/en\/contacto-redes-sociales\/\" \/>\n<meta property=\"og:locale\" content=\"en_GB\" \/>\n<meta property=\"og:type\" content=\"article\" \/>\n<meta property=\"og:title\" content=\"CONTACTO - FERNANDO DEL CUBO\" \/>\n<meta property=\"og:description\" content=\"Contacto, redes sociales y direccion email para establecer un dialogo constructivo con el artista de manera libre y sin compromisos.\" \/>\n<meta property=\"og:url\" content=\"https:\/\/fernandodelcubo.com\/en\/contacto-redes-sociales\/\" \/>\n<meta property=\"og:site_name\" content=\"FERNANDO DEL CUBO\" \/>\n<meta property=\"article:publisher\" content=\"https:\/\/www.facebook.com\/fernandodelcuboart\/\" \/>\n<meta property=\"article:modified_time\" content=\"2025-12-21T19:15:04+00:00\" \/>\n<meta name=\"twitter:card\" content=\"summary_large_image\" \/>\n<meta name=\"twitter:label1\" content=\"Estimated reading time\" \/>\n\t<meta name=\"twitter:data1\" content=\"1 minute\" \/>\n<script type=\"application\/ld+json\" class=\"yoast-schema-graph\">{\"@context\":\"https:\\\/\\\/schema.org\",\"@graph\":[{\"@type\":\"WebPage\",\"@id\":\"https:\\\/\\\/fernandodelcubo.com\\\/contacto-redes-sociales\\\/\",\"url\":\"https:\\\/\\\/fernandodelcubo.com\\\/contacto-redes-sociales\\\/\",\"name\":\"CONTACTO - FERNANDO DEL CUBO\",\"isPartOf\":{\"@id\":\"https:\\\/\\\/fernandodelcubo.com\\\/#website\"},\"datePublished\":\"2016-02-22T19:43:41+00:00\",\"dateModified\":\"2025-12-21T19:15:04+00:00\",\"description\":\"Contacto, redes sociales y direccion email para establecer un dialogo constructivo con el artista de manera libre y sin compromisos.\",\"breadcrumb\":{\"@id\":\"https:\\\/\\\/fernandodelcubo.com\\\/contacto-redes-sociales\\\/#breadcrumb\"},\"inLanguage\":\"en-GB\",\"potentialAction\":[{\"@type\":\"ReadAction\",\"target\":[\"https:\\\/\\\/fernandodelcubo.com\\\/contacto-redes-sociales\\\/\"]}]},{\"@type\":\"BreadcrumbList\",\"@id\":\"https:\\\/\\\/fernandodelcubo.com\\\/contacto-redes-sociales\\\/#breadcrumb\",\"itemListElement\":[{\"@type\":\"ListItem\",\"position\":1,\"name\":\"Portada\",\"item\":\"https:\\\/\\\/fernandodelcubo.com\\\/\"},{\"@type\":\"ListItem\",\"position\":2,\"name\":\"CONTACTO\"}]},{\"@type\":\"WebSite\",\"@id\":\"https:\\\/\\\/fernandodelcubo.com\\\/#website\",\"url\":\"https:\\\/\\\/fernandodelcubo.com\\\/\",\"name\":\"Fernandodelcubo.com\",\"description\":\"ART\",\"publisher\":{\"@id\":\"https:\\\/\\\/fernandodelcubo.com\\\/#\\\/schema\\\/person\\\/2cf3799675fd30a842576d9dd4502ca8\"},\"potentialAction\":[{\"@type\":\"SearchAction\",\"target\":{\"@type\":\"EntryPoint\",\"urlTemplate\":\"https:\\\/\\\/fernandodelcubo.com\\\/?s={search_term_string}\"},\"query-input\":{\"@type\":\"PropertyValueSpecification\",\"valueRequired\":true,\"valueName\":\"search_term_string\"}}],\"inLanguage\":\"en-GB\"},{\"@type\":[\"Person\",\"Organization\"],\"@id\":\"https:\\\/\\\/fernandodelcubo.com\\\/#\\\/schema\\\/person\\\/2cf3799675fd30a842576d9dd4502ca8\",\"name\":\"Fernando del cubo\",\"image\":{\"@type\":\"ImageObject\",\"inLanguage\":\"en-GB\",\"@id\":\"https:\\\/\\\/fernandodelcubo.com\\\/wp-content\\\/uploads\\\/cropped-cropped-cropped-CUBO-Logo-2-1-1.pngweb-1-1.png\",\"url\":\"https:\\\/\\\/fernandodelcubo.com\\\/wp-content\\\/uploads\\\/cropped-cropped-cropped-CUBO-Logo-2-1-1.pngweb-1-1.png\",\"contentUrl\":\"https:\\\/\\\/fernandodelcubo.com\\\/wp-content\\\/uploads\\\/cropped-cropped-cropped-CUBO-Logo-2-1-1.pngweb-1-1.png\",\"width\":512,\"height\":512,\"caption\":\"Fernando del cubo\"},\"logo\":{\"@id\":\"https:\\\/\\\/fernandodelcubo.com\\\/wp-content\\\/uploads\\\/cropped-cropped-cropped-CUBO-Logo-2-1-1.pngweb-1-1.png\"},\"description\":\"Se form\u00f3 en la escena \u201cunderground\u201d madrile\u00f1a, como muralista e ilustrador, para posteriormente centrarse en su carrera como artista pl\u00e1stico y audiovisual. Trabaja sobre procesos escult\u00f3ricos, donde toda construcci\u00f3n es arqueolog\u00eda de la memoria. Partiendo de restos, para trazar un relato, que justifique una visi\u00f3n de lo contempor\u00e1neo, frente a un futuro impredecible.\",\"sameAs\":[\"http:\\\/\\\/fernandodelcubo.com\",\"https:\\\/\\\/www.facebook.com\\\/fernandodelcuboart\\\/\",\"https:\\\/\\\/www.instagram.com\\\/fernandodelcubo.art\\\/\",\"https:\\\/\\\/www.linkedin.com\\\/in\\\/fernando-del-cubo\\\/\",\"https:\\\/\\\/www.youtube.com\\\/@cuboart\",\"https:\\\/\\\/soundcloud.com\\\/fernando-del-cubo\"]}]}<\/script>\n<!-- \/ Yoast SEO plugin. -->","yoast_head_json":{"title":"CONTACTO - FERNANDO DEL CUBO","description":"Contacto, redes sociales y direccion email para establecer un dialogo constructivo con el artista de manera libre y sin compromisos.","robots":{"index":"index","follow":"follow","max-image-preview":"max-image-preview:large","max-video-preview":"max-video-preview:-1","snippet":"nosnippet"},"canonical":"https:\/\/fernandodelcubo.com\/en\/contacto-redes-sociales\/","og_locale":"en_GB","og_type":"article","og_title":"CONTACTO - FERNANDO DEL CUBO","og_description":"Contacto, redes sociales y direccion email para establecer un dialogo constructivo con el artista de manera libre y sin compromisos.","og_url":"https:\/\/fernandodelcubo.com\/en\/contacto-redes-sociales\/","og_site_name":"FERNANDO DEL CUBO","article_publisher":"https:\/\/www.facebook.com\/fernandodelcuboart\/","article_modified_time":"2025-12-21T19:15:04+00:00","twitter_card":"summary_large_image","twitter_misc":{"Estimated reading time":"1 minute"},"schema":{"@context":"https:\/\/schema.org","@graph":[{"@type":"WebPage","@id":"https:\/\/fernandodelcubo.com\/contacto-redes-sociales\/","url":"https:\/\/fernandodelcubo.com\/contacto-redes-sociales\/","name":"CONTACTO - FERNANDO DEL CUBO","isPartOf":{"@id":"https:\/\/fernandodelcubo.com\/#website"},"datePublished":"2016-02-22T19:43:41+00:00","dateModified":"2025-12-21T19:15:04+00:00","description":"Contacto, redes sociales y direccion email para establecer un dialogo constructivo con el artista de manera libre y sin compromisos.","breadcrumb":{"@id":"https:\/\/fernandodelcubo.com\/contacto-redes-sociales\/#breadcrumb"},"inLanguage":"en-GB","potentialAction":[{"@type":"ReadAction","target":["https:\/\/fernandodelcubo.com\/contacto-redes-sociales\/"]}]},{"@type":"BreadcrumbList","@id":"https:\/\/fernandodelcubo.com\/contacto-redes-sociales\/#breadcrumb","itemListElement":[{"@type":"ListItem","position":1,"name":"Portada","item":"https:\/\/fernandodelcubo.com\/"},{"@type":"ListItem","position":2,"name":"CONTACTO"}]},{"@type":"WebSite","@id":"https:\/\/fernandodelcubo.com\/#website","url":"https:\/\/fernandodelcubo.com\/","name":"Fernandodelcubo.com","description":"ART","publisher":{"@id":"https:\/\/fernandodelcubo.com\/#\/schema\/person\/2cf3799675fd30a842576d9dd4502ca8"},"potentialAction":[{"@type":"SearchAction","target":{"@type":"EntryPoint","urlTemplate":"https:\/\/fernandodelcubo.com\/?s={search_term_string}"},"query-input":{"@type":"PropertyValueSpecification","valueRequired":true,"valueName":"search_term_string"}}],"inLanguage":"en-GB"},{"@type":["Person","Organization"],"@id":"https:\/\/fernandodelcubo.com\/#\/schema\/person\/2cf3799675fd30a842576d9dd4502ca8","name":"Fernando del cubo","image":{"@type":"ImageObject","inLanguage":"en-GB","@id":"https:\/\/fernandodelcubo.com\/wp-content\/uploads\/cropped-cropped-cropped-CUBO-Logo-2-1-1.pngweb-1-1.png","url":"https:\/\/fernandodelcubo.com\/wp-content\/uploads\/cropped-cropped-cropped-CUBO-Logo-2-1-1.pngweb-1-1.png","contentUrl":"https:\/\/fernandodelcubo.com\/wp-content\/uploads\/cropped-cropped-cropped-CUBO-Logo-2-1-1.pngweb-1-1.png","width":512,"height":512,"caption":"Fernando del cubo"},"logo":{"@id":"https:\/\/fernandodelcubo.com\/wp-content\/uploads\/cropped-cropped-cropped-CUBO-Logo-2-1-1.pngweb-1-1.png"},"description":"Se form\u00f3 en la escena \u201cunderground\u201d madrile\u00f1a, como muralista e ilustrador, para posteriormente centrarse en su carrera como artista pl\u00e1stico y audiovisual. Trabaja sobre procesos escult\u00f3ricos, donde toda construcci\u00f3n es arqueolog\u00eda de la memoria. Partiendo de restos, para trazar un relato, que justifique una visi\u00f3n de lo contempor\u00e1neo, frente a un futuro impredecible.","sameAs":["http:\/\/fernandodelcubo.com","https:\/\/www.facebook.com\/fernandodelcuboart\/","https:\/\/www.instagram.com\/fernandodelcubo.art\/","https:\/\/www.linkedin.com\/in\/fernando-del-cubo\/","https:\/\/www.youtube.com\/@cuboart","https:\/\/soundcloud.com\/fernando-del-cubo"]}]}},"_links":{"self":[{"href":"https:\/\/fernandodelcubo.com\/en\/wp-json\/wp\/v2\/pages\/71","targetHints":{"allow":["GET"]}}],"collection":[{"href":"https:\/\/fernandodelcubo.com\/en\/wp-json\/wp\/v2\/pages"}],"about":[{"href":"https:\/\/fernandodelcubo.com\/en\/wp-json\/wp\/v2\/types\/page"}],"author":[{"embeddable":true,"href":"https:\/\/fernandodelcubo.com\/en\/wp-json\/wp\/v2\/users\/2"}],"replies":[{"embeddable":true,"href":"https:\/\/fernandodelcubo.com\/en\/wp-json\/wp\/v2\/comments?post=71"}],"version-history":[{"count":74,"href":"https:\/\/fernandodelcubo.com\/en\/wp-json\/wp\/v2\/pages\/71\/revisions"}],"predecessor-version":[{"id":3798,"href":"https:\/\/fernandodelcubo.com\/en\/wp-json\/wp\/v2\/pages\/71\/revisions\/3798"}],"wp:attachment":[{"href":"https:\/\/fernandodelcubo.com\/en\/wp-json\/wp\/v2\/media?parent=71"}],"curies":[{"name":"wp","href":"https:\/\/api.w.org\/{rel}","templated":true}]}}